{"id":1918,"date":"2022-05-04T07:22:22","date_gmt":"2022-05-04T07:22:22","guid":{"rendered":"http:\/\/sw-themes.com\/porto_dummy\/?page_id=1918"},"modified":"2022-05-04T07:22:22","modified_gmt":"2022-05-04T07:22:22","slug":"blog-type","status":"publish","type":"page","link":"https:\/\/boranboru.com\/index.php\/blog-type\/","title":{"rendered":"Blog Type"},"content":{"rendered":"\t\t<div data-elementor-type=\"wp-page\" data-elementor-id=\"1918\" class=\"elementor elementor-1918\">\n\t\t\t\t\t\t<section class=\"elementor-section elementor-top-section elementor-element elementor-element-9a2d598 elementor-section-boxed elementor-section-height-default elementor-section-height-default\" data-id=\"9a2d598\" data-element_type=\"section\">\r\n\t\t\r\n\t\t\t\t\t\t\t<div class=\"elementor-container elementor-column-gap-default\">\r\n\t\t\t\t\t\t\t\t\t\t\t<div class=\"elementor-column elementor-col-100 elementor-top-column elementor-element elementor-element-04993ef\" data-id=\"04993ef\" data-element_type=\"column\">\r\n\t\t\t\t\t<div class=\"elementor-widget-wrap elementor-element-populated\">\r\n\t\t\t\t\t\t\t\t<div class=\"elementor-element elementor-element-e02582f elementor-widget elementor-widget-porto_posts_grid\" data-id=\"e02582f\" data-element_type=\"widget\" data-settings=\"{&quot;spacing&quot;:{&quot;unit&quot;:&quot;px&quot;,&quot;size&quot;:&quot;&quot;,&quot;sizes&quot;:[]}}\" data-widget_type=\"porto_posts_grid.default\">\n\t\t\t\t<div class=\"elementor-widget-container\">\n\t\t\t\t\t<div class=\"porto-posts-grid porto-posts-grid-d751713988987e9331980363e24189ce porto-blog1dq7\"><style scope=\"scope\">.page-wrapper .porto-gb-a812a27865f1c5c4d78340d252f07919{background-color:rgba(255,255,255,1);margin-right:0px;margin-bottom:30px;margin-left:0px;padding:1.5rem 1.5rem 1.5rem 1.5rem;box-shadow: 0px 30px 90px rgba(0,0,0,0.08);}.page-wrapper .porto-gb-0983a0b3121e84279f1b9a05e4033b60{padding-top:13px;padding-bottom:0px;}.page-wrapper .porto-gb-9ed9d7e097fa981568c75c2f054bf0da{margin-bottom:8px;padding-right:12px;}.porto-gb-9ed9d7e097fa981568c75c2f054bf0da{font-size:0.8em;--porto-fs:0.8em;text-transform:uppercase;line-height:1;--porto-lh:1;}.page-wrapper .porto-gb-089e0388ca0cce0e942fd31924cc4fc2{border-style:solid;border-width:0px 0px 0px 1px;margin-bottom:8px;padding-right:3px;padding-left:12px;}.porto-gb-089e0388ca0cce0e942fd31924cc4fc2,.porto-gb-089e0388ca0cce0e942fd31924cc4fc2 p{font-size:0.8em;--porto-fs:0.8em;text-transform:uppercase;line-height:1;--porto-lh:1;}.page-wrapper .porto-gb-b0f377d6c093c4d7950e6ad4f957a233{margin-bottom:8px;padding-right:12px;}.page-wrapper .porto-gb-b0f377d6c093c4d7950e6ad4f957a233{font-size:0.8em;--porto-fs:0.8em;text-transform:uppercase;line-height:1;--porto-lh:1;color:#d80d07}.page-wrapper .porto-gb-e45d8b62102dea8ca65ed01bedeb31ad{border-style:solid;border-width:0px 0px 0px 1px;border-color:#777777;margin-bottom:8px;padding-left:12px;}.page-wrapper .porto-gb-e45d8b62102dea8ca65ed01bedeb31ad{font-size:0.8em;--porto-fs:0.8em;text-transform:uppercase;line-height:1;--porto-lh:1;color:#d80d07}.page-wrapper .porto-gb-b1ed539663fa2dc061b57edcc9096540{margin-top:1rem;margin-bottom:1rem;}.porto-gb-b1ed539663fa2dc061b57edcc9096540,.porto-gb-b1ed539663fa2dc061b57edcc9096540 p{font-size:1.5em;--porto-fs:1.5em;font-weight:600;line-height:1.3;--porto-lh:1.3;}.page-wrapper .porto-gb-97948b41aa4f8469486f8bebea040a5e{background-color:rgba(255,255,255,1);border-width:0px 0px 0px 0px;padding:0px 0px 0px 0px;}.page-wrapper .porto-gb-97948b41aa4f8469486f8bebea040a5e:hover{background-color:rgba(255,255,255,1);}.page-wrapper .porto-gb-97948b41aa4f8469486f8bebea040a5e{font-weight:600;line-height:2em;--porto-lh:2em;color:#d80d07}.blog-type a:hover { color: #d80d07; }\n.blog-type .blog-type-btn:active, \n.blog-type .blog-type-btn:focus { background: none; border: none; color: #d80d07; box-shadow: none; }<\/style><div class=\"posts-wrap posts-container has-ccols ccols-md-2 ccols-1 has-ccols-spacing\" style=\"\"><div class=\"porto-tb-item post post-171 type-post status-publish format-standard has-post-thumbnail hentry category-business category-design\"><div class=\"porto-section blog-type porto-gb-a812a27865f1c5c4d78340d252f07919\">\n<div class=\"porto-tb-featured-image tb-image-type-default porto-gb-445a186dc20dd56828095bbbd5df63e1\" data-title=\"An Interview with John Doe\"><a aria-label=\"post featured image\" href=\"https:\/\/boranboru.com\/index.php\/2020\/12\/18\/an-interview-with-john-doe\/\" class=\"img-thumbnail\"><img fetchpriority=\"high\" decoding=\"async\" width=\"560\" height=\"180\" src=\"https:\/\/boranboru.com\/wp-content\/uploads\/2020\/12\/industry-blog-2.jpg\" class=\"img-responsive\" alt=\"\" srcset=\"https:\/\/boranboru.com\/wp-content\/uploads\/2020\/12\/industry-blog-2.jpg 560w, https:\/\/boranboru.com\/wp-content\/uploads\/2020\/12\/industry-blog-2-400x129.jpg 400w, https:\/\/boranboru.com\/wp-content\/uploads\/2020\/12\/industry-blog-2-367x118.jpg 367w\" sizes=\"(max-width: 560px) 100vw, 560px\" \/><\/a><\/div>\n\n<div class=\"porto-section flex-container flex-wrap align-items-center porto-gb-0983a0b3121e84279f1b9a05e4033b60\">\n<span class=\"porto-tb-meta tb-meta-published_date porto-gb-9ed9d7e097fa981568c75c2f054bf0da\">Aral\u0131k 18, 2020<\/span>\n\n<p class=\"porto-heading porto-gb-089e0388ca0cce0e942fd31924cc4fc2\" style=\"\">By <\/p>\n\n<span class=\"porto-tb-meta tb-meta-author porto-gb-b0f377d6c093c4d7950e6ad4f957a233\"><a href=\"https:\/\/boranboru.com\/index.php\/author\/okan\/\" title=\"admin taraf\u0131ndan yaz\u0131lan yaz\u0131lar\" rel=\"author\">admin<\/a><\/span>\n\n<span class=\"porto-tb-meta tb-meta-comments porto-gb-e45d8b62102dea8ca65ed01bedeb31ad\"><a href=\"https:\/\/boranboru.com\/index.php\/2020\/12\/18\/an-interview-with-john-doe\/#respond\">No Comments<\/a><\/span>\n<\/div>\n\n<h4 class=\"porto-heading porto-gb-b1ed539663fa2dc061b57edcc9096540 post-title\" style=\"\"><a aria-label=\"Post Title\" href=\"https:\/\/boranboru.com\/index.php\/2020\/12\/18\/an-interview-with-john-doe\/\">An Interview with John Doe<\/a><\/h4>\n\n<p class=\"porto-heading\" style=\"\">Lorem ipsum dolor sit amet, consectetur adipiscing elit. Curabitur lectus lacus, rutrum sit amet placerat et, bibendum nec mauris....<\/p>\n\n<a aria-label=\"button\" class=\"btn btn-md btn-primary blog-type-btn porto-gb-97948b41aa4f8469486f8bebea040a5e\" href=\"https:\/\/boranboru.com\/index.php\/2020\/12\/18\/an-interview-with-john-doe\/\"><span>READ MORE...<\/span><\/a>\n<\/div><\/div><div class=\"porto-tb-item post post-1 type-post status-publish format-standard has-post-thumbnail hentry category-business category-design\"><div class=\"porto-section blog-type porto-gb-a812a27865f1c5c4d78340d252f07919\">\n<div class=\"porto-tb-featured-image tb-image-type-default porto-gb-445a186dc20dd56828095bbbd5df63e1\" data-title=\"An Interview with John Doe\"><a aria-label=\"post featured image\" href=\"https:\/\/boranboru.com\/index.php\/2020\/12\/18\/an-interview-with-john-doe\/\" class=\"img-thumbnail\"><img fetchpriority=\"high\" decoding=\"async\" width=\"560\" height=\"180\" src=\"https:\/\/boranboru.com\/wp-content\/uploads\/2020\/12\/industry-blog-2.jpg\" class=\"img-responsive\" alt=\"\" srcset=\"https:\/\/boranboru.com\/wp-content\/uploads\/2020\/12\/industry-blog-2.jpg 560w, https:\/\/boranboru.com\/wp-content\/uploads\/2020\/12\/industry-blog-2-400x129.jpg 400w, https:\/\/boranboru.com\/wp-content\/uploads\/2020\/12\/industry-blog-2-367x118.jpg 367w\" sizes=\"(max-width: 560px) 100vw, 560px\" \/><\/a><\/div>\n\n<div class=\"porto-section flex-container flex-wrap align-items-center porto-gb-0983a0b3121e84279f1b9a05e4033b60\">\n<span class=\"porto-tb-meta tb-meta-published_date porto-gb-9ed9d7e097fa981568c75c2f054bf0da\">Aral\u0131k 18, 2020<\/span>\n\n<p class=\"porto-heading porto-gb-089e0388ca0cce0e942fd31924cc4fc2\" style=\"\">By <\/p>\n\n<span class=\"porto-tb-meta tb-meta-author porto-gb-b0f377d6c093c4d7950e6ad4f957a233\"><a href=\"https:\/\/boranboru.com\/index.php\/author\/okan\/\" title=\"admin taraf\u0131ndan yaz\u0131lan yaz\u0131lar\" rel=\"author\">admin<\/a><\/span>\n\n<span class=\"porto-tb-meta tb-meta-comments porto-gb-e45d8b62102dea8ca65ed01bedeb31ad\"><a href=\"https:\/\/boranboru.com\/index.php\/2020\/12\/18\/an-interview-with-john-doe\/#respond\">No Comments<\/a><\/span>\n<\/div>\n\n<h4 class=\"porto-heading porto-gb-b1ed539663fa2dc061b57edcc9096540 post-title\" style=\"\"><a aria-label=\"Post Title\" href=\"https:\/\/boranboru.com\/index.php\/2020\/12\/14\/an-interview-with-john-doed\/\">An Interview with John Doe<\/a><\/h4>\n\n<p class=\"porto-heading\" style=\"\">Lorem ipsum dolor sit amet, consectetur adipiscing elit. Curabitur lectus lacus, rutrum sit amet placerat et, bibendum nec mauris....<\/p>\n\n<a aria-label=\"button\" class=\"btn btn-md btn-primary blog-type-btn porto-gb-97948b41aa4f8469486f8bebea040a5e\" href=\"https:\/\/boranboru.com\/index.php\/2020\/12\/14\/an-interview-with-john-doed\/\"><span>READ MORE...<\/span><\/a>\n<\/div><\/div><\/div><\/div>\t\t\t\t<\/div>\n\t\t\t\t<\/div>\n\t\t\t\t\t<\/div>\r\n\t\t\t\t<\/div>\r\n\t\t\t\t\t<\/div>\r\n\t\t\t\t<\/section>\r\n\t\t\t\t<\/div>\n\t\t","protected":false},"excerpt":{"rendered":"<p>December 18, 2020 By John Doe No Comments An Interview with John Doe Lorem ipsum dolor sit amet, consectetur adipiscing elit. Curabitur lectus lacus, rutrum sit amet placerat et, bibendum nec mauris&#8230;. READ MORE&#8230; December 14, 2020 By John Doe 1 Comment An Interview with John Doe Lorem ipsum dolor sit amet, consectetur adipiscing elit. [&hellip;]<\/p>\n","protected":false},"author":1,"featured_media":0,"parent":0,"menu_order":0,"comment_status":"closed","ping_status":"closed","template":"","meta":{"_acf_changed":false,"content-type":"","footnotes":""},"class_list":["post-1918","page","type-page","status-publish","hentry"],"acf":[],"_links":{"self":[{"href":"https:\/\/boranboru.com\/index.php\/wp-json\/wp\/v2\/pages\/1918","targetHints":{"allow":["GET"]}}],"collection":[{"href":"https:\/\/boranboru.com\/index.php\/wp-json\/wp\/v2\/pages"}],"about":[{"href":"https:\/\/boranboru.com\/index.php\/wp-json\/wp\/v2\/types\/page"}],"author":[{"embeddable":true,"href":"https:\/\/boranboru.com\/index.php\/wp-json\/wp\/v2\/users\/1"}],"replies":[{"embeddable":true,"href":"https:\/\/boranboru.com\/index.php\/wp-json\/wp\/v2\/comments?post=1918"}],"version-history":[{"count":0,"href":"https:\/\/boranboru.com\/index.php\/wp-json\/wp\/v2\/pages\/1918\/revisions"}],"wp:attachment":[{"href":"https:\/\/boranboru.com\/index.php\/wp-json\/wp\/v2\/media?parent=1918"}],"curies":[{"name":"wp","href":"https:\/\/api.w.org\/{rel}","templated":true}]}}